{"id":23,"date":"2022-05-23T10:53:00","date_gmt":"2022-05-23T13:53:00","guid":{"rendered":"https:\/\/www.linti.unlp.edu.ar\/?page_id=23"},"modified":"2024-08-28T12:29:44","modified_gmt":"2024-08-28T15:29:44","slug":"investigacion","status":"publish","type":"page","link":"https:\/\/www.linti.unlp.edu.ar\/index.php\/investigacion\/","title":{"rendered":"Investigaci\u00f3n"},"content":{"rendered":"\t\t<div data-elementor-type=\"wp-page\" data-elementor-id=\"23\" class=\"elementor elementor-23\">\n\t\t\t\t\t\t<section class=\"elementor-section elementor-top-section elementor-element elementor-element-70a79a2 elementor-section-boxed elementor-section-height-default elementor-section-height-default wpr-particle-no wpr-jarallax-no wpr-parallax-no wpr-sticky-section-no wpr-equal-height-no\" data-id=\"70a79a2\" data-element_type=\"section\" data-e-type=\"section\">\n\t\t\t\t\t\t<div class=\"elementor-container elementor-column-gap-default\">\n\t\t\t\t\t<div class=\"elementor-column elementor-col-100 elementor-top-column elementor-element elementor-element-ec72cbe\" data-id=\"ec72cbe\" data-element_type=\"column\" data-e-type=\"column\">\n\t\t\t<div class=\"elementor-widget-wrap elementor-element-populated\">\n\t\t\t\t\t\t<div class=\"elementor-element elementor-element-02cdcab elementor-widget elementor-widget-heading\" data-id=\"02cdcab\" data-element_type=\"widget\" data-e-type=\"widget\" data-widget_type=\"heading.default\">\n\t\t\t\t<div class=\"elementor-widget-container\">\n\t\t\t\t\t<h1 class=\"elementor-heading-title elementor-size-default\">Proyecto de investigaci\u00f3n vigente:<\/h1>\t\t\t\t<\/div>\n\t\t\t\t<\/div>\n\t\t\t\t\t<\/div>\n\t\t<\/div>\n\t\t\t\t\t<\/div>\n\t\t<\/section>\n\t\t\t\t<section class=\"elementor-section elementor-top-section elementor-element elementor-element-6411132 elementor-section-boxed elementor-section-height-default elementor-section-height-default wpr-particle-no wpr-jarallax-no wpr-parallax-no wpr-sticky-section-no wpr-equal-height-no\" data-id=\"6411132\" data-element_type=\"section\" data-e-type=\"section\">\n\t\t\t\t\t\t<div class=\"elementor-container elementor-column-gap-default\">\n\t\t\t\t\t<div class=\"elementor-column elementor-col-100 elementor-top-column elementor-element elementor-element-5dd00dd\" data-id=\"5dd00dd\" data-element_type=\"column\" data-e-type=\"column\">\n\t\t\t<div class=\"elementor-widget-wrap elementor-element-populated\">\n\t\t\t\t\t\t<div class=\"elementor-element elementor-element-a8225f3 elementor-widget__width-initial elementor-widget elementor-widget-text-editor\" data-id=\"a8225f3\" data-element_type=\"widget\" data-e-type=\"widget\" data-widget_type=\"text-editor.default\">\n\t\t\t\t<div class=\"elementor-widget-container\">\n\t\t\t\t\t\t\t\t\t<p>Proyecto<strong> tetra anual de Investigaci\u00f3n y Desarrollo (Proyectos I+D) para el per\u00edodo 2020\/2024.<br \/><\/strong><\/p><p><strong>De la Sociedad del Conocimiento a la Sociedad 5.0: un abordaje tecnol\u00f3gico y \u00e9tico en nuestra regi\u00f3n<\/strong><\/p><p>Director: Francisco Javier D\u00edaz.<br \/>Codirectora: Claudia Queiruga 2020\/2023<\/p><p>En el marco de los estudios realizados por diversos organismos internacionales acerca de la sociedad del conocimiento, a la sociedad 5.0, a la industria 4.0 y en funci\u00f3n de los lineamientos de los Objetivos de Desarrollo Sustentable (ODS) propuestos por las Naciones Unidas se constituye el presente trabajo investigaci\u00f3n.<\/p><p>El proyecto ha promovido la investigaci\u00f3n y los desarrollos tecnol\u00f3gicos que abordan las problem\u00e1ticas que emergen de la sociedad digital en la actualidad y de acuerdo a la tecnolog\u00eda disponible. En este sentido Internet de las Cosas (IoT), Big Data, Inteligencia Artificial (IA) y Ciberseguridad son las tem\u00e1ticas abordadas por los investigadores quienes realizan propuestas tecnol\u00f3gicas, de metodolog\u00eda, de est\u00e1ndares y ambientes de desarrollo con la finalidad de aportar a su desarrollo.<\/p><p>Las ciudades digitales son la clave y el campo propicio para la aplicaci\u00f3n de las tem\u00e1ticas mencionadas con un anclaje profundo en la \u00e9tica aplicada a la ciencia inform\u00e1tica. El uso masivo de Internet y las aplicaciones de IA basadas y potenciadas con la Big Data han tenido y tienen implicancias profundas sobre la privacidad de las personas, la confidencialidad e integralidad de los datos y la propiedad intelectual, entre otras muchas cuestiones. Asi, la \u00e9tica inform\u00e1tica se ha convertido en un tema clave que debe estar presente tanto los desarrollos tecnol\u00f3gicos como en la formaci\u00f3n de recursos humanos. La formaci\u00f3n en competencias y habilidades digitales destinadas a todos los ciudadanos de la sociedad digital es una cuesti\u00f3n central por ello el proyecto trabaja en propuestas y enfoques pedag\u00f3gicos-did\u00e1cticos que garanticen la inclusi\u00f3n tanto en los \u00e1mbitos formales de educaci\u00f3n obligatoria como en los espacios de educaci\u00f3n alternativa.<\/p><p>El objetivo central de este proyecto ser\u00e1 abordar las<span style=\"background-color: var(--nv-site-bg); font-size: var(--bodyfontsize); letter-spacing: var(--bodyletterspacing); text-transform: var(--bodytexttransform);\"> l\u00edneas de investigaci\u00f3n sobre sociedades digitales pertinentes a la regi\u00f3n y desarrollar estrategias y aplicaciones desde una perspectiva inclusiva, innovadora y comprometida con los objetivos de desarrollo sostenible. Asimimo, ha promovido al LINTI <\/span>como un centro regional de referencia en los temas del proyecto.<\/p><p>\u00a0<\/p>\t\t\t\t\t\t\t\t<\/div>\n\t\t\t\t<\/div>\n\t\t\t\t\t<\/div>\n\t\t<\/div>\n\t\t\t\t\t<\/div>\n\t\t<\/section>\n\t\t\t\t<section class=\"elementor-section elementor-top-section elementor-element elementor-element-fc97cfd elementor-section-boxed elementor-section-height-default elementor-section-height-default wpr-particle-no wpr-jarallax-no wpr-parallax-no wpr-sticky-section-no wpr-equal-height-no\" data-id=\"fc97cfd\" data-element_type=\"section\" data-e-type=\"section\">\n\t\t\t\t\t\t<div class=\"elementor-container elementor-column-gap-default\">\n\t\t\t\t\t<div class=\"elementor-column elementor-col-50 elementor-top-column elementor-element elementor-element-2d522f5\" data-id=\"2d522f5\" data-element_type=\"column\" data-e-type=\"column\" data-settings=\"{&quot;background_background&quot;:&quot;classic&quot;}\">\n\t\t\t<div class=\"elementor-widget-wrap elementor-element-populated\">\n\t\t\t\t\t\t<div class=\"elementor-element elementor-element-dbe5d09 elementor-position-inline-start elementor-mobile-position-inline-start elementor-view-default elementor-widget elementor-widget-icon-box\" data-id=\"dbe5d09\" data-element_type=\"widget\" data-e-type=\"widget\" data-widget_type=\"icon-box.default\">\n\t\t\t\t<div class=\"elementor-widget-container\">\n\t\t\t\t\t\t\t<div class=\"elementor-icon-box-wrapper\">\n\n\t\t\t\t\t\t<div class=\"elementor-icon-box-icon\">\n\t\t\t\t<a href=\"https:\/\/www.linti.unlp.edu.ar\/wp-content\/uploads\/2022\/06\/memorias2020-2021.pdf\" target=\"_blank\" class=\"elementor-icon\" tabindex=\"-1\" aria-label=\"Proyectos de investigaci\u00f3n anteriores\">\n\t\t\t\t<i aria-hidden=\"true\" class=\"fas fa-angle-right\"><\/i>\t\t\t\t<\/a>\n\t\t\t<\/div>\n\t\t\t\n\t\t\t\t\t\t<div class=\"elementor-icon-box-content\">\n\n\t\t\t\t\t\t\t\t\t<h3 class=\"elementor-icon-box-title\">\n\t\t\t\t\t\t<a href=\"https:\/\/www.linti.unlp.edu.ar\/wp-content\/uploads\/2022\/06\/memorias2020-2021.pdf\" target=\"_blank\" >\n\t\t\t\t\t\t\tProyectos de investigaci\u00f3n anteriores\t\t\t\t\t\t<\/a>\n\t\t\t\t\t<\/h3>\n\t\t\t\t\n\t\t\t\t\n\t\t\t<\/div>\n\t\t\t\n\t\t<\/div>\n\t\t\t\t\t\t<\/div>\n\t\t\t\t<\/div>\n\t\t\t\t\t<\/div>\n\t\t<\/div>\n\t\t\t\t<div class=\"elementor-column elementor-col-50 elementor-top-column elementor-element elementor-element-ae6b617\" data-id=\"ae6b617\" data-element_type=\"column\" data-e-type=\"column\" data-settings=\"{&quot;background_background&quot;:&quot;classic&quot;}\">\n\t\t\t<div class=\"elementor-widget-wrap elementor-element-populated\">\n\t\t\t\t\t\t<div class=\"elementor-element elementor-element-2e3c189 elementor-position-inline-start elementor-mobile-position-inline-start elementor-view-default elementor-widget elementor-widget-icon-box\" data-id=\"2e3c189\" data-element_type=\"widget\" data-e-type=\"widget\" data-widget_type=\"icon-box.default\">\n\t\t\t\t<div class=\"elementor-widget-container\">\n\t\t\t\t\t\t\t<div class=\"elementor-icon-box-wrapper\">\n\n\t\t\t\t\t\t<div class=\"elementor-icon-box-icon\">\n\t\t\t\t<a href=\"https:\/\/www.linti.unlp.edu.ar\/wp-content\/uploads\/2022\/06\/memorias2020-2021.pdf\" target=\"_blank\" class=\"elementor-icon\" tabindex=\"-1\" aria-label=\"Proyectos de Incentivos 11- F014 (2011-2015)\">\n\t\t\t\t<i aria-hidden=\"true\" class=\"fas fa-angle-right\"><\/i>\t\t\t\t<\/a>\n\t\t\t<\/div>\n\t\t\t\n\t\t\t\t\t\t<div class=\"elementor-icon-box-content\">\n\n\t\t\t\t\t\t\t\t\t<h3 class=\"elementor-icon-box-title\">\n\t\t\t\t\t\t<a href=\"https:\/\/www.linti.unlp.edu.ar\/wp-content\/uploads\/2022\/06\/memorias2020-2021.pdf\" target=\"_blank\" >\n\t\t\t\t\t\t\tProyectos de Incentivos 11- F014 (2011-2015)\t\t\t\t\t\t<\/a>\n\t\t\t\t\t<\/h3>\n\t\t\t\t\n\t\t\t\t\n\t\t\t<\/div>\n\t\t\t\n\t\t<\/div>\n\t\t\t\t\t\t<\/div>\n\t\t\t\t<\/div>\n\t\t\t\t\t<\/div>\n\t\t<\/div>\n\t\t\t\t\t<\/div>\n\t\t<\/section>\n\t\t\t\t<\/div>\n\t\t","protected":false},"excerpt":{"rendered":"<p>Proyecto de investigaci\u00f3n vigente: Proyecto tetra anual de Investigaci\u00f3n y Desarrollo (Proyectos I+D) para el per\u00edodo 2020\/2024. De la Sociedad del Conocimiento a la Sociedad 5.0: un abordaje tecnol\u00f3gico y \u00e9tico en nuestra regi\u00f3n Director: Francisco Javier D\u00edaz.Codirectora: Claudia Queiruga 2020\/2023 En el marco de los estudios realizados por diversos organismos internacionales acerca de la sociedad del conocimiento, a la sociedad 5.0, a la industria 4.0 y en funci\u00f3n de los lineamientos de los Objetivos de Desarrollo Sustentable (ODS) propuestos por las Naciones Unidas se constituye el presente trabajo investigaci\u00f3n. El proyecto ha promovido la investigaci\u00f3n y los desarrollos tecnol\u00f3gicos que abordan las problem\u00e1ticas que emergen de la sociedad digital en la actualidad y de acuerdo a la tecnolog\u00eda disponible. En este sentido Internet de las Cosas (IoT), Big Data, Inteligencia Artificial (IA) y Ciberseguridad son las tem\u00e1ticas abordadas por los investigadores quienes realizan propuestas tecnol\u00f3gicas, de metodolog\u00eda, de est\u00e1ndares y ambientes de desarrollo con la finalidad de aportar a su desarrollo. Las ciudades digitales son la clave y el campo propicio para la aplicaci\u00f3n de las tem\u00e1ticas mencionadas con un anclaje profundo en la \u00e9tica aplicada a la ciencia inform\u00e1tica. El uso masivo de Internet y las aplicaciones de IA basadas y potenciadas con la Big Data han tenido y tienen implicancias profundas sobre la privacidad de las personas, la confidencialidad e integralidad de los datos y la propiedad intelectual, entre otras muchas cuestiones. Asi, la \u00e9tica inform\u00e1tica se ha convertido en un tema clave que debe estar presente tanto los desarrollos tecnol\u00f3gicos como en la formaci\u00f3n de recursos humanos. La formaci\u00f3n en competencias y habilidades digitales destinadas a todos los ciudadanos de la sociedad digital es una cuesti\u00f3n central por ello el proyecto trabaja en propuestas y enfoques pedag\u00f3gicos-did\u00e1cticos que garanticen la inclusi\u00f3n tanto en los \u00e1mbitos formales de educaci\u00f3n obligatoria como en los espacios de educaci\u00f3n alternativa. El objetivo central de este proyecto ser\u00e1 abordar las l\u00edneas de investigaci\u00f3n sobre sociedades digitales pertinentes a la regi\u00f3n y desarrollar estrategias y aplicaciones desde una perspectiva inclusiva, innovadora y comprometida con los objetivos de desarrollo sostenible. Asimimo, ha promovido al LINTI como un centro regional de referencia en los temas del proyecto. \u00a0 Proyectos de investigaci\u00f3n anteriores Proyectos de Incentivos 11- F014 (2011-2015)<\/p>\n","protected":false},"author":2,"featured_media":0,"parent":0,"menu_order":0,"comment_status":"closed","ping_status":"closed","template":"page-templates\/template-pagebuilder-full-width.php","meta":{"neve_meta_sidebar":"","neve_meta_container":"","neve_meta_enable_content_width":"","neve_meta_content_width":0,"neve_meta_title_alignment":"","neve_meta_author_avatar":"","neve_post_elements_order":"","neve_meta_disable_header":"","neve_meta_disable_footer":"","neve_meta_disable_title":"","footnotes":""},"class_list":["post-23","page","type-page","status-publish","hentry"],"yoast_head":"<!-- This site is optimized with the Yoast SEO plugin v27.3 - https:\/\/yoast.com\/product\/yoast-seo-wordpress\/ -->\n<title>Investigaci\u00f3n - LINTI<\/title>\n<meta name=\"robots\" content=\"index, follow, max-snippet:-1, max-image-preview:large, max-video-preview:-1\" \/>\n<link rel=\"canonical\" href=\"https:\/\/www.linti.unlp.edu.ar\/index.php\/investigacion\/\" \/>\n<meta property=\"og:locale\" content=\"es_ES\" \/>\n<meta property=\"og:type\" content=\"article\" \/>\n<meta property=\"og:title\" content=\"Investigaci\u00f3n - LINTI\" \/>\n<meta property=\"og:description\" content=\"Proyecto de investigaci\u00f3n vigente: Proyecto tetra anual de Investigaci\u00f3n y Desarrollo (Proyectos I+D) para el per\u00edodo 2020\/2024. De la Sociedad del Conocimiento a la Sociedad 5.0: un abordaje tecnol\u00f3gico y \u00e9tico en nuestra regi\u00f3n Director: Francisco Javier D\u00edaz.Codirectora: Claudia Queiruga 2020\/2023 En el marco de los estudios realizados por diversos organismos internacionales acerca de la sociedad del conocimiento, a la sociedad 5.0, a la industria 4.0 y en funci\u00f3n de los lineamientos de los Objetivos de Desarrollo Sustentable (ODS) propuestos por las Naciones Unidas se constituye el presente trabajo investigaci\u00f3n. El proyecto ha promovido la investigaci\u00f3n y los desarrollos tecnol\u00f3gicos que abordan las problem\u00e1ticas que emergen de la sociedad digital en la actualidad y de acuerdo a la tecnolog\u00eda disponible. En este sentido Internet de las Cosas (IoT), Big Data, Inteligencia Artificial (IA) y Ciberseguridad son las tem\u00e1ticas abordadas por los investigadores quienes realizan propuestas tecnol\u00f3gicas, de metodolog\u00eda, de est\u00e1ndares y ambientes de desarrollo con la finalidad de aportar a su desarrollo. Las ciudades digitales son la clave y el campo propicio para la aplicaci\u00f3n de las tem\u00e1ticas mencionadas con un anclaje profundo en la \u00e9tica aplicada a la ciencia inform\u00e1tica. El uso masivo de Internet y las aplicaciones de IA basadas y potenciadas con la Big Data han tenido y tienen implicancias profundas sobre la privacidad de las personas, la confidencialidad e integralidad de los datos y la propiedad intelectual, entre otras muchas cuestiones. Asi, la \u00e9tica inform\u00e1tica se ha convertido en un tema clave que debe estar presente tanto los desarrollos tecnol\u00f3gicos como en la formaci\u00f3n de recursos humanos. La formaci\u00f3n en competencias y habilidades digitales destinadas a todos los ciudadanos de la sociedad digital es una cuesti\u00f3n central por ello el proyecto trabaja en propuestas y enfoques pedag\u00f3gicos-did\u00e1cticos que garanticen la inclusi\u00f3n tanto en los \u00e1mbitos formales de educaci\u00f3n obligatoria como en los espacios de educaci\u00f3n alternativa. El objetivo central de este proyecto ser\u00e1 abordar las l\u00edneas de investigaci\u00f3n sobre sociedades digitales pertinentes a la regi\u00f3n y desarrollar estrategias y aplicaciones desde una perspectiva inclusiva, innovadora y comprometida con los objetivos de desarrollo sostenible. Asimimo, ha promovido al LINTI como un centro regional de referencia en los temas del proyecto. \u00a0 Proyectos de investigaci\u00f3n anteriores Proyectos de Incentivos 11- F014 (2011-2015)\" \/>\n<meta property=\"og:url\" content=\"https:\/\/www.linti.unlp.edu.ar\/index.php\/investigacion\/\" \/>\n<meta property=\"og:site_name\" content=\"LINTI\" \/>\n<meta property=\"article:modified_time\" content=\"2024-08-28T15:29:44+00:00\" \/>\n<meta name=\"twitter:card\" content=\"summary_large_image\" \/>\n<meta name=\"twitter:label1\" content=\"Tiempo de lectura\" \/>\n\t<meta name=\"twitter:data1\" content=\"2 minutos\" \/>\n<script type=\"application\/ld+json\" class=\"yoast-schema-graph\">{\"@context\":\"https:\\\/\\\/schema.org\",\"@graph\":[{\"@type\":\"WebPage\",\"@id\":\"https:\\\/\\\/www.linti.unlp.edu.ar\\\/index.php\\\/investigacion\\\/\",\"url\":\"https:\\\/\\\/www.linti.unlp.edu.ar\\\/index.php\\\/investigacion\\\/\",\"name\":\"Investigaci\u00f3n - LINTI\",\"isPartOf\":{\"@id\":\"https:\\\/\\\/www.linti.unlp.edu.ar\\\/#website\"},\"datePublished\":\"2022-05-23T13:53:00+00:00\",\"dateModified\":\"2024-08-28T15:29:44+00:00\",\"breadcrumb\":{\"@id\":\"https:\\\/\\\/www.linti.unlp.edu.ar\\\/index.php\\\/investigacion\\\/#breadcrumb\"},\"inLanguage\":\"es-AR\",\"potentialAction\":[{\"@type\":\"ReadAction\",\"target\":[\"https:\\\/\\\/www.linti.unlp.edu.ar\\\/index.php\\\/investigacion\\\/\"]}]},{\"@type\":\"BreadcrumbList\",\"@id\":\"https:\\\/\\\/www.linti.unlp.edu.ar\\\/index.php\\\/investigacion\\\/#breadcrumb\",\"itemListElement\":[{\"@type\":\"ListItem\",\"position\":1,\"name\":\"Home\",\"item\":\"https:\\\/\\\/www.linti.unlp.edu.ar\\\/\"},{\"@type\":\"ListItem\",\"position\":2,\"name\":\"Investigaci\u00f3n\"}]},{\"@type\":\"WebSite\",\"@id\":\"https:\\\/\\\/www.linti.unlp.edu.ar\\\/#website\",\"url\":\"https:\\\/\\\/www.linti.unlp.edu.ar\\\/\",\"name\":\"LINTI\",\"description\":\"Laboratorio de investigaci\u00f3n en nuevas tecnolog\u00edas inform\u00e1ticas\",\"publisher\":{\"@id\":\"https:\\\/\\\/www.linti.unlp.edu.ar\\\/#organization\"},\"potentialAction\":[{\"@type\":\"SearchAction\",\"target\":{\"@type\":\"EntryPoint\",\"urlTemplate\":\"https:\\\/\\\/www.linti.unlp.edu.ar\\\/?s={search_term_string}\"},\"query-input\":{\"@type\":\"PropertyValueSpecification\",\"valueRequired\":true,\"valueName\":\"search_term_string\"}}],\"inLanguage\":\"es-AR\"},{\"@type\":\"Organization\",\"@id\":\"https:\\\/\\\/www.linti.unlp.edu.ar\\\/#organization\",\"name\":\"LINTI\",\"url\":\"https:\\\/\\\/www.linti.unlp.edu.ar\\\/\",\"logo\":{\"@type\":\"ImageObject\",\"inLanguage\":\"es-AR\",\"@id\":\"https:\\\/\\\/www.linti.unlp.edu.ar\\\/#\\\/schema\\\/logo\\\/image\\\/\",\"url\":\"https:\\\/\\\/www.linti.unlp.edu.ar\\\/wp-content\\\/uploads\\\/2022\\\/05\\\/fachada-LINTI.jpg\",\"contentUrl\":\"https:\\\/\\\/www.linti.unlp.edu.ar\\\/wp-content\\\/uploads\\\/2022\\\/05\\\/fachada-LINTI.jpg\",\"width\":589,\"height\":411,\"caption\":\"LINTI\"},\"image\":{\"@id\":\"https:\\\/\\\/www.linti.unlp.edu.ar\\\/#\\\/schema\\\/logo\\\/image\\\/\"}}]}<\/script>\n<!-- \/ Yoast SEO plugin. -->","yoast_head_json":{"title":"Investigaci\u00f3n - LINTI","robots":{"index":"index","follow":"follow","max-snippet":"max-snippet:-1","max-image-preview":"max-image-preview:large","max-video-preview":"max-video-preview:-1"},"canonical":"https:\/\/www.linti.unlp.edu.ar\/index.php\/investigacion\/","og_locale":"es_ES","og_type":"article","og_title":"Investigaci\u00f3n - LINTI","og_description":"Proyecto de investigaci\u00f3n vigente: Proyecto tetra anual de Investigaci\u00f3n y Desarrollo (Proyectos I+D) para el per\u00edodo 2020\/2024. De la Sociedad del Conocimiento a la Sociedad 5.0: un abordaje tecnol\u00f3gico y \u00e9tico en nuestra regi\u00f3n Director: Francisco Javier D\u00edaz.Codirectora: Claudia Queiruga 2020\/2023 En el marco de los estudios realizados por diversos organismos internacionales acerca de la sociedad del conocimiento, a la sociedad 5.0, a la industria 4.0 y en funci\u00f3n de los lineamientos de los Objetivos de Desarrollo Sustentable (ODS) propuestos por las Naciones Unidas se constituye el presente trabajo investigaci\u00f3n. El proyecto ha promovido la investigaci\u00f3n y los desarrollos tecnol\u00f3gicos que abordan las problem\u00e1ticas que emergen de la sociedad digital en la actualidad y de acuerdo a la tecnolog\u00eda disponible. En este sentido Internet de las Cosas (IoT), Big Data, Inteligencia Artificial (IA) y Ciberseguridad son las tem\u00e1ticas abordadas por los investigadores quienes realizan propuestas tecnol\u00f3gicas, de metodolog\u00eda, de est\u00e1ndares y ambientes de desarrollo con la finalidad de aportar a su desarrollo. Las ciudades digitales son la clave y el campo propicio para la aplicaci\u00f3n de las tem\u00e1ticas mencionadas con un anclaje profundo en la \u00e9tica aplicada a la ciencia inform\u00e1tica. El uso masivo de Internet y las aplicaciones de IA basadas y potenciadas con la Big Data han tenido y tienen implicancias profundas sobre la privacidad de las personas, la confidencialidad e integralidad de los datos y la propiedad intelectual, entre otras muchas cuestiones. Asi, la \u00e9tica inform\u00e1tica se ha convertido en un tema clave que debe estar presente tanto los desarrollos tecnol\u00f3gicos como en la formaci\u00f3n de recursos humanos. La formaci\u00f3n en competencias y habilidades digitales destinadas a todos los ciudadanos de la sociedad digital es una cuesti\u00f3n central por ello el proyecto trabaja en propuestas y enfoques pedag\u00f3gicos-did\u00e1cticos que garanticen la inclusi\u00f3n tanto en los \u00e1mbitos formales de educaci\u00f3n obligatoria como en los espacios de educaci\u00f3n alternativa. El objetivo central de este proyecto ser\u00e1 abordar las l\u00edneas de investigaci\u00f3n sobre sociedades digitales pertinentes a la regi\u00f3n y desarrollar estrategias y aplicaciones desde una perspectiva inclusiva, innovadora y comprometida con los objetivos de desarrollo sostenible. Asimimo, ha promovido al LINTI como un centro regional de referencia en los temas del proyecto. \u00a0 Proyectos de investigaci\u00f3n anteriores Proyectos de Incentivos 11- F014 (2011-2015)","og_url":"https:\/\/www.linti.unlp.edu.ar\/index.php\/investigacion\/","og_site_name":"LINTI","article_modified_time":"2024-08-28T15:29:44+00:00","twitter_card":"summary_large_image","twitter_misc":{"Tiempo de lectura":"2 minutos"},"schema":{"@context":"https:\/\/schema.org","@graph":[{"@type":"WebPage","@id":"https:\/\/www.linti.unlp.edu.ar\/index.php\/investigacion\/","url":"https:\/\/www.linti.unlp.edu.ar\/index.php\/investigacion\/","name":"Investigaci\u00f3n - LINTI","isPartOf":{"@id":"https:\/\/www.linti.unlp.edu.ar\/#website"},"datePublished":"2022-05-23T13:53:00+00:00","dateModified":"2024-08-28T15:29:44+00:00","breadcrumb":{"@id":"https:\/\/www.linti.unlp.edu.ar\/index.php\/investigacion\/#breadcrumb"},"inLanguage":"es-AR","potentialAction":[{"@type":"ReadAction","target":["https:\/\/www.linti.unlp.edu.ar\/index.php\/investigacion\/"]}]},{"@type":"BreadcrumbList","@id":"https:\/\/www.linti.unlp.edu.ar\/index.php\/investigacion\/#breadcrumb","itemListElement":[{"@type":"ListItem","position":1,"name":"Home","item":"https:\/\/www.linti.unlp.edu.ar\/"},{"@type":"ListItem","position":2,"name":"Investigaci\u00f3n"}]},{"@type":"WebSite","@id":"https:\/\/www.linti.unlp.edu.ar\/#website","url":"https:\/\/www.linti.unlp.edu.ar\/","name":"LINTI","description":"Laboratorio de investigaci\u00f3n en nuevas tecnolog\u00edas inform\u00e1ticas","publisher":{"@id":"https:\/\/www.linti.unlp.edu.ar\/#organization"},"potentialAction":[{"@type":"SearchAction","target":{"@type":"EntryPoint","urlTemplate":"https:\/\/www.linti.unlp.edu.ar\/?s={search_term_string}"},"query-input":{"@type":"PropertyValueSpecification","valueRequired":true,"valueName":"search_term_string"}}],"inLanguage":"es-AR"},{"@type":"Organization","@id":"https:\/\/www.linti.unlp.edu.ar\/#organization","name":"LINTI","url":"https:\/\/www.linti.unlp.edu.ar\/","logo":{"@type":"ImageObject","inLanguage":"es-AR","@id":"https:\/\/www.linti.unlp.edu.ar\/#\/schema\/logo\/image\/","url":"https:\/\/www.linti.unlp.edu.ar\/wp-content\/uploads\/2022\/05\/fachada-LINTI.jpg","contentUrl":"https:\/\/www.linti.unlp.edu.ar\/wp-content\/uploads\/2022\/05\/fachada-LINTI.jpg","width":589,"height":411,"caption":"LINTI"},"image":{"@id":"https:\/\/www.linti.unlp.edu.ar\/#\/schema\/logo\/image\/"}}]}},"_links":{"self":[{"href":"https:\/\/www.linti.unlp.edu.ar\/index.php\/wp-json\/wp\/v2\/pages\/23","targetHints":{"allow":["GET"]}}],"collection":[{"href":"https:\/\/www.linti.unlp.edu.ar\/index.php\/wp-json\/wp\/v2\/pages"}],"about":[{"href":"https:\/\/www.linti.unlp.edu.ar\/index.php\/wp-json\/wp\/v2\/types\/page"}],"author":[{"embeddable":true,"href":"https:\/\/www.linti.unlp.edu.ar\/index.php\/wp-json\/wp\/v2\/users\/2"}],"replies":[{"embeddable":true,"href":"https:\/\/www.linti.unlp.edu.ar\/index.php\/wp-json\/wp\/v2\/comments?post=23"}],"version-history":[{"count":64,"href":"https:\/\/www.linti.unlp.edu.ar\/index.php\/wp-json\/wp\/v2\/pages\/23\/revisions"}],"predecessor-version":[{"id":2447,"href":"https:\/\/www.linti.unlp.edu.ar\/index.php\/wp-json\/wp\/v2\/pages\/23\/revisions\/2447"}],"wp:attachment":[{"href":"https:\/\/www.linti.unlp.edu.ar\/index.php\/wp-json\/wp\/v2\/media?parent=23"}],"curies":[{"name":"wp","href":"https:\/\/api.w.org\/{rel}","templated":true}]}}