{"id":27,"date":"2022-05-23T10:53:57","date_gmt":"2022-05-23T13:53:57","guid":{"rendered":"https:\/\/www.linti.unlp.edu.ar\/?page_id=27"},"modified":"2024-08-30T18:45:07","modified_gmt":"2024-08-30T21:45:07","slug":"docencia","status":"publish","type":"page","link":"https:\/\/www.linti.unlp.edu.ar\/index.php\/docencia\/","title":{"rendered":"Docencia"},"content":{"rendered":"\t\t<div data-elementor-type=\"wp-page\" data-elementor-id=\"27\" class=\"elementor elementor-27\">\n\t\t\t\t\t\t<section class=\"elementor-section elementor-top-section elementor-element elementor-element-56fd727 elementor-section-boxed elementor-section-height-default elementor-section-height-default wpr-particle-no wpr-jarallax-no wpr-parallax-no wpr-sticky-section-no wpr-equal-height-no\" data-id=\"56fd727\" data-element_type=\"section\" data-e-type=\"section\">\n\t\t\t\t\t\t<div class=\"elementor-container elementor-column-gap-default\">\n\t\t\t\t\t<div class=\"elementor-column elementor-col-100 elementor-top-column elementor-element elementor-element-2576c76\" data-id=\"2576c76\" data-element_type=\"column\" data-e-type=\"column\">\n\t\t\t<div class=\"elementor-widget-wrap elementor-element-populated\">\n\t\t\t\t\t\t<div class=\"elementor-element elementor-element-37188c9 elementor-widget elementor-widget-heading\" data-id=\"37188c9\" data-element_type=\"widget\" data-e-type=\"widget\" data-widget_type=\"heading.default\">\n\t\t\t\t<div class=\"elementor-widget-container\">\n\t\t\t\t\t<h1 class=\"elementor-heading-title elementor-size-default\">Las c\u00e1tedras del LINTI<\/h1>\t\t\t\t<\/div>\n\t\t\t\t<\/div>\n\t\t\t\t<div class=\"elementor-element elementor-element-40ee31d elementor-widget elementor-widget-text-editor\" data-id=\"40ee31d\" data-element_type=\"widget\" data-e-type=\"widget\" data-widget_type=\"text-editor.default\">\n\t\t\t\t<div class=\"elementor-widget-container\">\n\t\t\t\t\t\t\t\t\t<p>La docencia constituye uno de los pilares sobre los cuales se apoya el trabajo de los docentes e invetigadores del LINTI. <span style=\"font-size: 1em; background-color: var(--nv-site-bg); letter-spacing: var(--bodyLetterSpacing); text-transform: var(--bodyTextTransform);\">El aporte desde la investigaci\u00f3n realimenta el proceso de ense\u00f1anza, permitiendo ofrecer nuevos contenidos o actualizar otros, dando lugar a un ciclo din\u00e1mico de interacci\u00f3n docencia-investigaci\u00f3n, del cual el estudiante es el beneficiario directo.<\/span><\/p><p>Las asignaturas de grado y posgrado vinculadas a los temas del laboratorio son las principales destinatarias de la tarea desarrollada buscando la articulaci\u00f3n con el medio y la formaci\u00f3n de profesionales comprometidos y responsables ante la sociedad.<\/p>\t\t\t\t\t\t\t\t<\/div>\n\t\t\t\t<\/div>\n\t\t\t\t\t<\/div>\n\t\t<\/div>\n\t\t\t\t\t<\/div>\n\t\t<\/section>\n\t\t\t\t<section class=\"elementor-section elementor-top-section elementor-element elementor-element-04563c0 elementor-section-boxed elementor-section-height-default elementor-section-height-default wpr-particle-no wpr-jarallax-no wpr-parallax-no wpr-sticky-section-no wpr-equal-height-no\" data-id=\"04563c0\" data-element_type=\"section\" data-e-type=\"section\">\n\t\t\t\t\t\t<div class=\"elementor-container elementor-column-gap-default\">\n\t\t\t\t\t<div class=\"elementor-column elementor-col-50 elementor-top-column elementor-element elementor-element-d079e38\" data-id=\"d079e38\" data-element_type=\"column\" data-e-type=\"column\" data-settings=\"{&quot;background_background&quot;:&quot;classic&quot;}\">\n\t\t\t<div class=\"elementor-widget-wrap elementor-element-populated\">\n\t\t\t\t\t\t<div class=\"elementor-element elementor-element-7e0d0df elementor-position-inline-start elementor-mobile-position-inline-start elementor-view-default elementor-widget elementor-widget-icon-box\" data-id=\"7e0d0df\" data-element_type=\"widget\" data-e-type=\"widget\" data-widget_type=\"icon-box.default\">\n\t\t\t\t<div class=\"elementor-widget-container\">\n\t\t\t\t\t\t\t<div class=\"elementor-icon-box-wrapper\">\n\n\t\t\t\t\t\t<div class=\"elementor-icon-box-icon\">\n\t\t\t\t<a href=\"https:\/\/www.linti.unlp.edu.ar\/index.php\/2022\/06\/14\/catedras-de-grado\/\" class=\"elementor-icon\" tabindex=\"-1\" aria-label=\"Grado\">\n\t\t\t\t<i aria-hidden=\"true\" class=\"fas fa-angle-right\"><\/i>\t\t\t\t<\/a>\n\t\t\t<\/div>\n\t\t\t\n\t\t\t\t\t\t<div class=\"elementor-icon-box-content\">\n\n\t\t\t\t\t\t\t\t\t<h3 class=\"elementor-icon-box-title\">\n\t\t\t\t\t\t<a href=\"https:\/\/www.linti.unlp.edu.ar\/index.php\/2022\/06\/14\/catedras-de-grado\/\" >\n\t\t\t\t\t\t\tGrado\t\t\t\t\t\t<\/a>\n\t\t\t\t\t<\/h3>\n\t\t\t\t\n\t\t\t\t\n\t\t\t<\/div>\n\t\t\t\n\t\t<\/div>\n\t\t\t\t\t\t<\/div>\n\t\t\t\t<\/div>\n\t\t\t\t\t<\/div>\n\t\t<\/div>\n\t\t\t\t<div class=\"elementor-column elementor-col-50 elementor-top-column elementor-element elementor-element-4c4d008\" data-id=\"4c4d008\" data-element_type=\"column\" data-e-type=\"column\" data-settings=\"{&quot;background_background&quot;:&quot;classic&quot;}\">\n\t\t\t<div class=\"elementor-widget-wrap elementor-element-populated\">\n\t\t\t\t\t\t<div class=\"elementor-element elementor-element-d2a30b2 elementor-position-inline-start elementor-mobile-position-inline-start elementor-view-default elementor-widget elementor-widget-icon-box\" data-id=\"d2a30b2\" data-element_type=\"widget\" data-e-type=\"widget\" data-widget_type=\"icon-box.default\">\n\t\t\t\t<div class=\"elementor-widget-container\">\n\t\t\t\t\t\t\t<div class=\"elementor-icon-box-wrapper\">\n\n\t\t\t\t\t\t<div class=\"elementor-icon-box-icon\">\n\t\t\t\t<a href=\"https:\/\/www.linti.unlp.edu.ar\/index.php\/2024\/06\/05\/catedras-de-posgrado\/\" class=\"elementor-icon\" tabindex=\"-1\" aria-label=\"Posgrado\">\n\t\t\t\t<i aria-hidden=\"true\" class=\"fas fa-angle-right\"><\/i>\t\t\t\t<\/a>\n\t\t\t<\/div>\n\t\t\t\n\t\t\t\t\t\t<div class=\"elementor-icon-box-content\">\n\n\t\t\t\t\t\t\t\t\t<h3 class=\"elementor-icon-box-title\">\n\t\t\t\t\t\t<a href=\"https:\/\/www.linti.unlp.edu.ar\/index.php\/2024\/06\/05\/catedras-de-posgrado\/\" >\n\t\t\t\t\t\t\tPosgrado\t\t\t\t\t\t<\/a>\n\t\t\t\t\t<\/h3>\n\t\t\t\t\n\t\t\t\t\n\t\t\t<\/div>\n\t\t\t\n\t\t<\/div>\n\t\t\t\t\t\t<\/div>\n\t\t\t\t<\/div>\n\t\t\t\t\t<\/div>\n\t\t<\/div>\n\t\t\t\t\t<\/div>\n\t\t<\/section>\n\t\t\t\t<\/div>\n\t\t","protected":false},"excerpt":{"rendered":"<p>Las c\u00e1tedras del LINTI La docencia constituye uno de los pilares sobre los cuales se apoya el trabajo de los docentes e invetigadores del LINTI. El aporte desde la investigaci\u00f3n realimenta el proceso de ense\u00f1anza, permitiendo ofrecer nuevos contenidos o actualizar otros, dando lugar a un ciclo din\u00e1mico de interacci\u00f3n docencia-investigaci\u00f3n, del cual el estudiante es el beneficiario directo. Las asignaturas de grado y posgrado vinculadas a los temas del laboratorio son las principales destinatarias de la tarea desarrollada buscando la articulaci\u00f3n con el medio y la formaci\u00f3n de profesionales comprometidos y responsables ante la sociedad. Grado Posgrado<\/p>\n","protected":false},"author":2,"featured_media":0,"parent":0,"menu_order":0,"comment_status":"closed","ping_status":"closed","template":"page-templates\/template-pagebuilder-full-width.php","meta":{"neve_meta_sidebar":"","neve_meta_container":"","neve_meta_enable_content_width":"","neve_meta_content_width":0,"neve_meta_title_alignment":"","neve_meta_author_avatar":"","neve_post_elements_order":"","neve_meta_disable_header":"","neve_meta_disable_footer":"","neve_meta_disable_title":"","footnotes":""},"class_list":["post-27","page","type-page","status-publish","hentry"],"yoast_head":"<!-- This site is optimized with the Yoast SEO plugin v27.3 - https:\/\/yoast.com\/product\/yoast-seo-wordpress\/ -->\n<title>Docencia - LINTI<\/title>\n<meta name=\"robots\" content=\"index, follow, max-snippet:-1, max-image-preview:large, max-video-preview:-1\" \/>\n<link rel=\"canonical\" href=\"https:\/\/www.linti.unlp.edu.ar\/index.php\/docencia\/\" \/>\n<meta property=\"og:locale\" content=\"es_ES\" \/>\n<meta property=\"og:type\" content=\"article\" \/>\n<meta property=\"og:title\" content=\"Docencia - LINTI\" \/>\n<meta property=\"og:description\" content=\"Las c\u00e1tedras del LINTI La docencia constituye uno de los pilares sobre los cuales se apoya el trabajo de los docentes e invetigadores del LINTI. El aporte desde la investigaci\u00f3n realimenta el proceso de ense\u00f1anza, permitiendo ofrecer nuevos contenidos o actualizar otros, dando lugar a un ciclo din\u00e1mico de interacci\u00f3n docencia-investigaci\u00f3n, del cual el estudiante es el beneficiario directo. Las asignaturas de grado y posgrado vinculadas a los temas del laboratorio son las principales destinatarias de la tarea desarrollada buscando la articulaci\u00f3n con el medio y la formaci\u00f3n de profesionales comprometidos y responsables ante la sociedad. Grado Posgrado\" \/>\n<meta property=\"og:url\" content=\"https:\/\/www.linti.unlp.edu.ar\/index.php\/docencia\/\" \/>\n<meta property=\"og:site_name\" content=\"LINTI\" \/>\n<meta property=\"article:modified_time\" content=\"2024-08-30T21:45:07+00:00\" \/>\n<meta name=\"twitter:card\" content=\"summary_large_image\" \/>\n<meta name=\"twitter:label1\" content=\"Tiempo de lectura\" \/>\n\t<meta name=\"twitter:data1\" content=\"1 minuto\" \/>\n<script type=\"application\/ld+json\" class=\"yoast-schema-graph\">{\"@context\":\"https:\\\/\\\/schema.org\",\"@graph\":[{\"@type\":\"WebPage\",\"@id\":\"https:\\\/\\\/www.linti.unlp.edu.ar\\\/index.php\\\/docencia\\\/\",\"url\":\"https:\\\/\\\/www.linti.unlp.edu.ar\\\/index.php\\\/docencia\\\/\",\"name\":\"Docencia - LINTI\",\"isPartOf\":{\"@id\":\"https:\\\/\\\/www.linti.unlp.edu.ar\\\/#website\"},\"datePublished\":\"2022-05-23T13:53:57+00:00\",\"dateModified\":\"2024-08-30T21:45:07+00:00\",\"breadcrumb\":{\"@id\":\"https:\\\/\\\/www.linti.unlp.edu.ar\\\/index.php\\\/docencia\\\/#breadcrumb\"},\"inLanguage\":\"es-AR\",\"potentialAction\":[{\"@type\":\"ReadAction\",\"target\":[\"https:\\\/\\\/www.linti.unlp.edu.ar\\\/index.php\\\/docencia\\\/\"]}]},{\"@type\":\"BreadcrumbList\",\"@id\":\"https:\\\/\\\/www.linti.unlp.edu.ar\\\/index.php\\\/docencia\\\/#breadcrumb\",\"itemListElement\":[{\"@type\":\"ListItem\",\"position\":1,\"name\":\"Home\",\"item\":\"https:\\\/\\\/www.linti.unlp.edu.ar\\\/\"},{\"@type\":\"ListItem\",\"position\":2,\"name\":\"Docencia\"}]},{\"@type\":\"WebSite\",\"@id\":\"https:\\\/\\\/www.linti.unlp.edu.ar\\\/#website\",\"url\":\"https:\\\/\\\/www.linti.unlp.edu.ar\\\/\",\"name\":\"LINTI\",\"description\":\"Laboratorio de investigaci\u00f3n en nuevas tecnolog\u00edas inform\u00e1ticas\",\"publisher\":{\"@id\":\"https:\\\/\\\/www.linti.unlp.edu.ar\\\/#organization\"},\"potentialAction\":[{\"@type\":\"SearchAction\",\"target\":{\"@type\":\"EntryPoint\",\"urlTemplate\":\"https:\\\/\\\/www.linti.unlp.edu.ar\\\/?s={search_term_string}\"},\"query-input\":{\"@type\":\"PropertyValueSpecification\",\"valueRequired\":true,\"valueName\":\"search_term_string\"}}],\"inLanguage\":\"es-AR\"},{\"@type\":\"Organization\",\"@id\":\"https:\\\/\\\/www.linti.unlp.edu.ar\\\/#organization\",\"name\":\"LINTI\",\"url\":\"https:\\\/\\\/www.linti.unlp.edu.ar\\\/\",\"logo\":{\"@type\":\"ImageObject\",\"inLanguage\":\"es-AR\",\"@id\":\"https:\\\/\\\/www.linti.unlp.edu.ar\\\/#\\\/schema\\\/logo\\\/image\\\/\",\"url\":\"https:\\\/\\\/www.linti.unlp.edu.ar\\\/wp-content\\\/uploads\\\/2022\\\/05\\\/fachada-LINTI.jpg\",\"contentUrl\":\"https:\\\/\\\/www.linti.unlp.edu.ar\\\/wp-content\\\/uploads\\\/2022\\\/05\\\/fachada-LINTI.jpg\",\"width\":589,\"height\":411,\"caption\":\"LINTI\"},\"image\":{\"@id\":\"https:\\\/\\\/www.linti.unlp.edu.ar\\\/#\\\/schema\\\/logo\\\/image\\\/\"}}]}<\/script>\n<!-- \/ Yoast SEO plugin. -->","yoast_head_json":{"title":"Docencia - LINTI","robots":{"index":"index","follow":"follow","max-snippet":"max-snippet:-1","max-image-preview":"max-image-preview:large","max-video-preview":"max-video-preview:-1"},"canonical":"https:\/\/www.linti.unlp.edu.ar\/index.php\/docencia\/","og_locale":"es_ES","og_type":"article","og_title":"Docencia - LINTI","og_description":"Las c\u00e1tedras del LINTI La docencia constituye uno de los pilares sobre los cuales se apoya el trabajo de los docentes e invetigadores del LINTI. El aporte desde la investigaci\u00f3n realimenta el proceso de ense\u00f1anza, permitiendo ofrecer nuevos contenidos o actualizar otros, dando lugar a un ciclo din\u00e1mico de interacci\u00f3n docencia-investigaci\u00f3n, del cual el estudiante es el beneficiario directo. Las asignaturas de grado y posgrado vinculadas a los temas del laboratorio son las principales destinatarias de la tarea desarrollada buscando la articulaci\u00f3n con el medio y la formaci\u00f3n de profesionales comprometidos y responsables ante la sociedad. Grado Posgrado","og_url":"https:\/\/www.linti.unlp.edu.ar\/index.php\/docencia\/","og_site_name":"LINTI","article_modified_time":"2024-08-30T21:45:07+00:00","twitter_card":"summary_large_image","twitter_misc":{"Tiempo de lectura":"1 minuto"},"schema":{"@context":"https:\/\/schema.org","@graph":[{"@type":"WebPage","@id":"https:\/\/www.linti.unlp.edu.ar\/index.php\/docencia\/","url":"https:\/\/www.linti.unlp.edu.ar\/index.php\/docencia\/","name":"Docencia - LINTI","isPartOf":{"@id":"https:\/\/www.linti.unlp.edu.ar\/#website"},"datePublished":"2022-05-23T13:53:57+00:00","dateModified":"2024-08-30T21:45:07+00:00","breadcrumb":{"@id":"https:\/\/www.linti.unlp.edu.ar\/index.php\/docencia\/#breadcrumb"},"inLanguage":"es-AR","potentialAction":[{"@type":"ReadAction","target":["https:\/\/www.linti.unlp.edu.ar\/index.php\/docencia\/"]}]},{"@type":"BreadcrumbList","@id":"https:\/\/www.linti.unlp.edu.ar\/index.php\/docencia\/#breadcrumb","itemListElement":[{"@type":"ListItem","position":1,"name":"Home","item":"https:\/\/www.linti.unlp.edu.ar\/"},{"@type":"ListItem","position":2,"name":"Docencia"}]},{"@type":"WebSite","@id":"https:\/\/www.linti.unlp.edu.ar\/#website","url":"https:\/\/www.linti.unlp.edu.ar\/","name":"LINTI","description":"Laboratorio de investigaci\u00f3n en nuevas tecnolog\u00edas inform\u00e1ticas","publisher":{"@id":"https:\/\/www.linti.unlp.edu.ar\/#organization"},"potentialAction":[{"@type":"SearchAction","target":{"@type":"EntryPoint","urlTemplate":"https:\/\/www.linti.unlp.edu.ar\/?s={search_term_string}"},"query-input":{"@type":"PropertyValueSpecification","valueRequired":true,"valueName":"search_term_string"}}],"inLanguage":"es-AR"},{"@type":"Organization","@id":"https:\/\/www.linti.unlp.edu.ar\/#organization","name":"LINTI","url":"https:\/\/www.linti.unlp.edu.ar\/","logo":{"@type":"ImageObject","inLanguage":"es-AR","@id":"https:\/\/www.linti.unlp.edu.ar\/#\/schema\/logo\/image\/","url":"https:\/\/www.linti.unlp.edu.ar\/wp-content\/uploads\/2022\/05\/fachada-LINTI.jpg","contentUrl":"https:\/\/www.linti.unlp.edu.ar\/wp-content\/uploads\/2022\/05\/fachada-LINTI.jpg","width":589,"height":411,"caption":"LINTI"},"image":{"@id":"https:\/\/www.linti.unlp.edu.ar\/#\/schema\/logo\/image\/"}}]}},"_links":{"self":[{"href":"https:\/\/www.linti.unlp.edu.ar\/index.php\/wp-json\/wp\/v2\/pages\/27","targetHints":{"allow":["GET"]}}],"collection":[{"href":"https:\/\/www.linti.unlp.edu.ar\/index.php\/wp-json\/wp\/v2\/pages"}],"about":[{"href":"https:\/\/www.linti.unlp.edu.ar\/index.php\/wp-json\/wp\/v2\/types\/page"}],"author":[{"embeddable":true,"href":"https:\/\/www.linti.unlp.edu.ar\/index.php\/wp-json\/wp\/v2\/users\/2"}],"replies":[{"embeddable":true,"href":"https:\/\/www.linti.unlp.edu.ar\/index.php\/wp-json\/wp\/v2\/comments?post=27"}],"version-history":[{"count":127,"href":"https:\/\/www.linti.unlp.edu.ar\/index.php\/wp-json\/wp\/v2\/pages\/27\/revisions"}],"predecessor-version":[{"id":3003,"href":"https:\/\/www.linti.unlp.edu.ar\/index.php\/wp-json\/wp\/v2\/pages\/27\/revisions\/3003"}],"wp:attachment":[{"href":"https:\/\/www.linti.unlp.edu.ar\/index.php\/wp-json\/wp\/v2\/media?parent=27"}],"curies":[{"name":"wp","href":"https:\/\/api.w.org\/{rel}","templated":true}]}}