{"id":29,"date":"2022-05-23T10:54:48","date_gmt":"2022-05-23T13:54:48","guid":{"rendered":"https:\/\/www.linti.unlp.edu.ar\/?page_id=29"},"modified":"2024-09-06T14:37:09","modified_gmt":"2024-09-06T17:37:09","slug":"tesis","status":"publish","type":"page","link":"https:\/\/www.linti.unlp.edu.ar\/index.php\/tesis\/","title":{"rendered":"Tesis"},"content":{"rendered":"\t\t<div data-elementor-type=\"wp-page\" data-elementor-id=\"29\" class=\"elementor elementor-29\">\n\t\t\t\t\t\t<section class=\"elementor-section elementor-top-section elementor-element elementor-element-eb7052b elementor-section-boxed elementor-section-height-default elementor-section-height-default wpr-particle-no wpr-jarallax-no wpr-parallax-no wpr-sticky-section-no wpr-equal-height-no\" data-id=\"eb7052b\" data-element_type=\"section\" data-e-type=\"section\">\n\t\t\t\t\t\t<div class=\"elementor-container elementor-column-gap-default\">\n\t\t\t\t\t<div class=\"elementor-column elementor-col-100 elementor-top-column elementor-element elementor-element-3ccc177\" data-id=\"3ccc177\" data-element_type=\"column\" data-e-type=\"column\">\n\t\t\t<div class=\"elementor-widget-wrap elementor-element-populated\">\n\t\t\t\t\t\t<div class=\"elementor-element elementor-element-07f163c elementor-widget elementor-widget-heading\" data-id=\"07f163c\" data-element_type=\"widget\" data-e-type=\"widget\" data-widget_type=\"heading.default\">\n\t\t\t\t<div class=\"elementor-widget-container\">\n\t\t\t\t\t<h1 class=\"elementor-heading-title elementor-size-default\">Tesis LINTI<\/h1>\t\t\t\t<\/div>\n\t\t\t\t<\/div>\n\t\t\t\t\t<\/div>\n\t\t<\/div>\n\t\t\t\t\t<\/div>\n\t\t<\/section>\n\t\t\t\t<section class=\"elementor-section elementor-top-section elementor-element elementor-element-3f9d93f elementor-section-boxed elementor-section-height-default elementor-section-height-default wpr-particle-no wpr-jarallax-no wpr-parallax-no wpr-sticky-section-no wpr-equal-height-no\" data-id=\"3f9d93f\" data-element_type=\"section\" data-e-type=\"section\">\n\t\t\t\t\t\t<div class=\"elementor-container elementor-column-gap-default\">\n\t\t\t\t\t<div class=\"elementor-column elementor-col-100 elementor-top-column elementor-element elementor-element-7724ee8\" data-id=\"7724ee8\" data-element_type=\"column\" data-e-type=\"column\">\n\t\t\t<div class=\"elementor-widget-wrap elementor-element-populated\">\n\t\t\t\t\t\t<div class=\"elementor-element elementor-element-01a22ce elementor-widget elementor-widget-text-editor\" data-id=\"01a22ce\" data-element_type=\"widget\" data-e-type=\"widget\" data-widget_type=\"text-editor.default\">\n\t\t\t\t<div class=\"elementor-widget-container\">\n\t\t\t\t\t\t\t\t\t<div class=\"chat-list relative custom-scrollbar-reset-margin custom-scrollbar custom-scrollbar-hidden pb-9 flex-1 overflow-y-auto\"><div class=\"mx-auto max-w-[790px]\"><div class=\"message-item-outer relative px-3\" data-id=\"9d77b8d9-f861-492e-a8d8-5a114af92e27\"><div class=\"content-area pl-[26px]\"><div class=\"message-item select-text relative\"><div class=\"message-inner relative\"><div class=\"py-[2px]\"><div class=\"flex flex-col gap-2\"><div class=\"answer-markdown-box overflow-x-auto select-text custom-scrollbar\"><div class=\"markdown-body\"><p>Las tesinas de grado elaboradas en el Laboratorio de Investigaci\u00f3n en Nuevas Tecnolog\u00edas de la Informaci\u00f3n (LINTI) se orientan a establecer un di\u00e1logo entre los conocimientos inform\u00e1ticos adquiridos por los estudiantes durante su formaci\u00f3n acad\u00e9mica y los problemas situados en contextos reales.\u00a0 Este enfoque busca ofrecer soluciones concretas mediante la creaci\u00f3n de artefactos digitales, los cuales, en ciertos casos, son implementados en entornos productivos.\u00a0<\/p><p>Asimismo, el uso y la contribuci\u00f3n a repositorios de software libre y al c\u00f3digo fuente abierto constituyen uno de los principios rectores que gu\u00edan el desarrollo de las tesinas en el LINTI.<\/p><\/div><\/div><\/div><\/div><\/div><\/div><\/div><\/div><\/div><\/div>\t\t\t\t\t\t\t\t<\/div>\n\t\t\t\t<\/div>\n\t\t\t\t\t<\/div>\n\t\t<\/div>\n\t\t\t\t\t<\/div>\n\t\t<\/section>\n\t\t\t\t<section class=\"elementor-section elementor-top-section elementor-element elementor-element-79b55cf elementor-section-boxed elementor-section-height-default elementor-section-height-default wpr-particle-no wpr-jarallax-no wpr-parallax-no wpr-sticky-section-no wpr-equal-height-no\" data-id=\"79b55cf\" data-element_type=\"section\" data-e-type=\"section\" data-settings=\"{&quot;background_background&quot;:&quot;classic&quot;}\">\n\t\t\t\t\t\t<div class=\"elementor-container elementor-column-gap-default\">\n\t\t\t\t\t<div class=\"elementor-column elementor-col-50 elementor-top-column elementor-element elementor-element-e31feab\" data-id=\"e31feab\" data-element_type=\"column\" data-e-type=\"column\">\n\t\t\t<div class=\"elementor-widget-wrap elementor-element-populated\">\n\t\t\t\t\t\t<div class=\"elementor-element elementor-element-1ad39f6 elementor-widget elementor-widget-heading\" data-id=\"1ad39f6\" data-element_type=\"widget\" data-e-type=\"widget\" data-widget_type=\"heading.default\">\n\t\t\t\t<div class=\"elementor-widget-container\">\n\t\t\t\t\t<h2 class=\"elementor-heading-title elementor-size-default\">Tesis aprobadas<\/h2>\t\t\t\t<\/div>\n\t\t\t\t<\/div>\n\t\t\t\t<div class=\"elementor-element elementor-element-e1f6522 elementor-widget elementor-widget-button\" data-id=\"e1f6522\" data-element_type=\"widget\" data-e-type=\"widget\" data-widget_type=\"button.default\">\n\t\t\t\t<div class=\"elementor-widget-container\">\n\t\t\t\t\t\t\t\t\t<div class=\"elementor-button-wrapper\">\n\t\t\t\t\t<a class=\"elementor-button elementor-button-link elementor-size-sm\" href=\"https:\/\/www.linti.unlp.edu.ar\/index.php\/2024\/08\/28\/tesis-aprobadas-en-el-periodo-2023-2024\/\">\n\t\t\t\t\t\t<span class=\"elementor-button-content-wrapper\">\n\t\t\t\t\t\t<span class=\"elementor-button-icon\">\n\t\t\t\t<i aria-hidden=\"true\" class=\"far fa-calendar-alt\"><\/i>\t\t\t<\/span>\n\t\t\t\t\t\t\t\t\t<span class=\"elementor-button-text\">2023  - 2024<\/span>\n\t\t\t\t\t<\/span>\n\t\t\t\t\t<\/a>\n\t\t\t\t<\/div>\n\t\t\t\t\t\t\t\t<\/div>\n\t\t\t\t<\/div>\n\t\t\t\t<div class=\"elementor-element elementor-element-47f0512 elementor-widget elementor-widget-button\" data-id=\"47f0512\" data-element_type=\"widget\" data-e-type=\"widget\" data-widget_type=\"button.default\">\n\t\t\t\t<div class=\"elementor-widget-container\">\n\t\t\t\t\t\t\t\t\t<div class=\"elementor-button-wrapper\">\n\t\t\t\t\t<a class=\"elementor-button elementor-button-link elementor-size-sm\" href=\"https:\/\/www.linti.unlp.edu.ar\/index.php\/2024\/08\/28\/tesis-aprobadas-periodo-2021-2022\/\">\n\t\t\t\t\t\t<span class=\"elementor-button-content-wrapper\">\n\t\t\t\t\t\t<span class=\"elementor-button-icon\">\n\t\t\t\t<i aria-hidden=\"true\" class=\"far fa-calendar-alt\"><\/i>\t\t\t<\/span>\n\t\t\t\t\t\t\t\t\t<span class=\"elementor-button-text\">2021  - 2022<\/span>\n\t\t\t\t\t<\/span>\n\t\t\t\t\t<\/a>\n\t\t\t\t<\/div>\n\t\t\t\t\t\t\t\t<\/div>\n\t\t\t\t<\/div>\n\t\t\t\t<div class=\"elementor-element elementor-element-75a5061 elementor-widget elementor-widget-button\" data-id=\"75a5061\" data-element_type=\"widget\" data-e-type=\"widget\" data-widget_type=\"button.default\">\n\t\t\t\t<div class=\"elementor-widget-container\">\n\t\t\t\t\t\t\t\t\t<div class=\"elementor-button-wrapper\">\n\t\t\t\t\t<a class=\"elementor-button elementor-button-link elementor-size-sm\" href=\"https:\/\/www.linti.unlp.edu.ar\/index.php\/2024\/05\/29\/tesis-aprobadas-en-el-periodo-2020-202\">\n\t\t\t\t\t\t<span class=\"elementor-button-content-wrapper\">\n\t\t\t\t\t\t<span class=\"elementor-button-icon\">\n\t\t\t\t<i aria-hidden=\"true\" class=\"far fa-calendar-alt\"><\/i>\t\t\t<\/span>\n\t\t\t\t\t\t\t\t\t<span class=\"elementor-button-text\">2019  - 2020<\/span>\n\t\t\t\t\t<\/span>\n\t\t\t\t\t<\/a>\n\t\t\t\t<\/div>\n\t\t\t\t\t\t\t\t<\/div>\n\t\t\t\t<\/div>\n\t\t\t\t<div class=\"elementor-element elementor-element-eba3eb2 elementor-widget elementor-widget-button\" data-id=\"eba3eb2\" data-element_type=\"widget\" data-e-type=\"widget\" data-widget_type=\"button.default\">\n\t\t\t\t<div class=\"elementor-widget-container\">\n\t\t\t\t\t\t\t\t\t<div class=\"elementor-button-wrapper\">\n\t\t\t\t\t<a class=\"elementor-button elementor-button-link elementor-size-sm\" href=\"https:\/\/www.linti.unlp.edu.ar\/index.php\/2022\/06\/14\/tesis-aprobadas-en-el-periodo-2016-2018\/\">\n\t\t\t\t\t\t<span class=\"elementor-button-content-wrapper\">\n\t\t\t\t\t\t<span class=\"elementor-button-icon\">\n\t\t\t\t<i aria-hidden=\"true\" class=\"far fa-calendar-alt\"><\/i>\t\t\t<\/span>\n\t\t\t\t\t\t\t\t\t<span class=\"elementor-button-text\">2016  - 2018<\/span>\n\t\t\t\t\t<\/span>\n\t\t\t\t\t<\/a>\n\t\t\t\t<\/div>\n\t\t\t\t\t\t\t\t<\/div>\n\t\t\t\t<\/div>\n\t\t\t\t\t<\/div>\n\t\t<\/div>\n\t\t\t\t<div class=\"elementor-column elementor-col-50 elementor-top-column elementor-element elementor-element-264006c\" data-id=\"264006c\" data-element_type=\"column\" data-e-type=\"column\">\n\t\t\t<div class=\"elementor-widget-wrap elementor-element-populated\">\n\t\t\t\t\t\t<div class=\"elementor-element elementor-element-6825859 elementor-widget elementor-widget-spacer\" data-id=\"6825859\" data-element_type=\"widget\" data-e-type=\"widget\" data-widget_type=\"spacer.default\">\n\t\t\t\t<div class=\"elementor-widget-container\">\n\t\t\t\t\t\t\t<div class=\"elementor-spacer\">\n\t\t\t<div class=\"elementor-spacer-inner\"><\/div>\n\t\t<\/div>\n\t\t\t\t\t\t<\/div>\n\t\t\t\t<\/div>\n\t\t\t\t<div class=\"elementor-element elementor-element-e068806 elementor-widget elementor-widget-button\" data-id=\"e068806\" data-element_type=\"widget\" data-e-type=\"widget\" data-widget_type=\"button.default\">\n\t\t\t\t<div class=\"elementor-widget-container\">\n\t\t\t\t\t\t\t\t\t<div class=\"elementor-button-wrapper\">\n\t\t\t\t\t<a class=\"elementor-button elementor-button-link elementor-size-sm\" href=\"https:\/\/www.linti.unlp.edu.ar\/index.php\/2022\/06\/14\/tesis-aprobadas-en-el-periodo-2011-2015\/\">\n\t\t\t\t\t\t<span class=\"elementor-button-content-wrapper\">\n\t\t\t\t\t\t<span class=\"elementor-button-icon\">\n\t\t\t\t<i aria-hidden=\"true\" class=\"far fa-calendar-alt\"><\/i>\t\t\t<\/span>\n\t\t\t\t\t\t\t\t\t<span class=\"elementor-button-text\">2011 - 2015<\/span>\n\t\t\t\t\t<\/span>\n\t\t\t\t\t<\/a>\n\t\t\t\t<\/div>\n\t\t\t\t\t\t\t\t<\/div>\n\t\t\t\t<\/div>\n\t\t\t\t<div class=\"elementor-element elementor-element-8aa150e elementor-widget elementor-widget-button\" data-id=\"8aa150e\" data-element_type=\"widget\" data-e-type=\"widget\" data-widget_type=\"button.default\">\n\t\t\t\t<div class=\"elementor-widget-container\">\n\t\t\t\t\t\t\t\t\t<div class=\"elementor-button-wrapper\">\n\t\t\t\t\t<a class=\"elementor-button elementor-button-link elementor-size-sm\" href=\"https:\/\/www.linti.unlp.edu.ar\/index.php\/2022\/06\/14\/tesis-aprobadas-en-el-periodo-2006-2010\/\">\n\t\t\t\t\t\t<span class=\"elementor-button-content-wrapper\">\n\t\t\t\t\t\t<span class=\"elementor-button-icon\">\n\t\t\t\t<i aria-hidden=\"true\" class=\"far fa-calendar-alt\"><\/i>\t\t\t<\/span>\n\t\t\t\t\t\t\t\t\t<span class=\"elementor-button-text\">2006 - 2010<\/span>\n\t\t\t\t\t<\/span>\n\t\t\t\t\t<\/a>\n\t\t\t\t<\/div>\n\t\t\t\t\t\t\t\t<\/div>\n\t\t\t\t<\/div>\n\t\t\t\t<div class=\"elementor-element elementor-element-b14415e elementor-widget elementor-widget-button\" data-id=\"b14415e\" data-element_type=\"widget\" data-e-type=\"widget\" data-widget_type=\"button.default\">\n\t\t\t\t<div class=\"elementor-widget-container\">\n\t\t\t\t\t\t\t\t\t<div class=\"elementor-button-wrapper\">\n\t\t\t\t\t<a class=\"elementor-button elementor-button-link elementor-size-sm\" href=\"https:\/\/www.linti.unlp.edu.ar\/index.php\/2022\/06\/14\/tesis-aprobadas-en-el-periodo-2001-2005\/\">\n\t\t\t\t\t\t<span class=\"elementor-button-content-wrapper\">\n\t\t\t\t\t\t<span class=\"elementor-button-icon\">\n\t\t\t\t<i aria-hidden=\"true\" class=\"far fa-calendar-alt\"><\/i>\t\t\t<\/span>\n\t\t\t\t\t\t\t\t\t<span class=\"elementor-button-text\">2001 - 2005<\/span>\n\t\t\t\t\t<\/span>\n\t\t\t\t\t<\/a>\n\t\t\t\t<\/div>\n\t\t\t\t\t\t\t\t<\/div>\n\t\t\t\t<\/div>\n\t\t\t\t<div class=\"elementor-element elementor-element-c9ca432 elementor-widget elementor-widget-button\" data-id=\"c9ca432\" data-element_type=\"widget\" data-e-type=\"widget\" data-widget_type=\"button.default\">\n\t\t\t\t<div class=\"elementor-widget-container\">\n\t\t\t\t\t\t\t\t\t<div class=\"elementor-button-wrapper\">\n\t\t\t\t\t<a class=\"elementor-button elementor-button-link elementor-size-sm\" href=\"https:\/\/www.linti.unlp.edu.ar\/index.php\/2022\/06\/14\/tesis-aprobadas-en-el-periodo-1994-2000\/\">\n\t\t\t\t\t\t<span class=\"elementor-button-content-wrapper\">\n\t\t\t\t\t\t<span class=\"elementor-button-icon\">\n\t\t\t\t<i aria-hidden=\"true\" class=\"far fa-calendar-alt\"><\/i>\t\t\t<\/span>\n\t\t\t\t\t\t\t\t\t<span class=\"elementor-button-text\">1998 - 2000<\/span>\n\t\t\t\t\t<\/span>\n\t\t\t\t\t<\/a>\n\t\t\t\t<\/div>\n\t\t\t\t\t\t\t\t<\/div>\n\t\t\t\t<\/div>\n\t\t\t\t\t<\/div>\n\t\t<\/div>\n\t\t\t\t\t<\/div>\n\t\t<\/section>\n\t\t\t\t<section class=\"elementor-section elementor-top-section elementor-element elementor-element-85fc9a0 elementor-section-boxed elementor-section-height-default elementor-section-height-default wpr-particle-no wpr-jarallax-no wpr-parallax-no wpr-sticky-section-no wpr-equal-height-no\" data-id=\"85fc9a0\" data-element_type=\"section\" data-e-type=\"section\">\n\t\t\t\t\t\t<div class=\"elementor-container elementor-column-gap-default\">\n\t\t\t\t\t<div class=\"elementor-column elementor-col-100 elementor-top-column elementor-element elementor-element-33737e3\" data-id=\"33737e3\" data-element_type=\"column\" data-e-type=\"column\">\n\t\t\t<div class=\"elementor-widget-wrap\">\n\t\t\t\t\t\t\t<\/div>\n\t\t<\/div>\n\t\t\t\t\t<\/div>\n\t\t<\/section>\n\t\t\t\t<\/div>\n\t\t","protected":false},"excerpt":{"rendered":"<p>Tesis LINTI Las tesinas de grado elaboradas en el Laboratorio de Investigaci\u00f3n en Nuevas Tecnolog\u00edas de la Informaci\u00f3n (LINTI) se orientan a establecer un di\u00e1logo entre los conocimientos inform\u00e1ticos adquiridos por los estudiantes durante su formaci\u00f3n acad\u00e9mica y los problemas situados en contextos reales.\u00a0 Este enfoque busca ofrecer soluciones concretas mediante la creaci\u00f3n de artefactos digitales, los cuales, en ciertos casos, son implementados en entornos productivos.\u00a0 Asimismo, el uso y la contribuci\u00f3n a repositorios de software libre y al c\u00f3digo fuente abierto constituyen uno de los principios rectores que gu\u00edan el desarrollo de las tesinas en el LINTI. Tesis aprobadas 2023 &#8211; 2024 2021 &#8211; 2022 2019 &#8211; 2020 2016 &#8211; 2018 2011 &#8211; 2015 2006 &#8211; 2010 2001 &#8211; 2005 1998 &#8211; 2000<\/p>\n","protected":false},"author":2,"featured_media":0,"parent":0,"menu_order":0,"comment_status":"closed","ping_status":"closed","template":"page-templates\/template-pagebuilder-full-width.php","meta":{"neve_meta_sidebar":"","neve_meta_container":"","neve_meta_enable_content_width":"","neve_meta_content_width":0,"neve_meta_title_alignment":"","neve_meta_author_avatar":"","neve_post_elements_order":"","neve_meta_disable_header":"","neve_meta_disable_footer":"","neve_meta_disable_title":"","footnotes":""},"class_list":["post-29","page","type-page","status-publish","hentry"],"yoast_head":"<!-- This site is optimized with the Yoast SEO plugin v27.3 - https:\/\/yoast.com\/product\/yoast-seo-wordpress\/ -->\n<title>Tesis - LINTI<\/title>\n<meta name=\"robots\" content=\"index, follow, max-snippet:-1, max-image-preview:large, max-video-preview:-1\" \/>\n<link rel=\"canonical\" href=\"https:\/\/www.linti.unlp.edu.ar\/index.php\/tesis\/\" \/>\n<meta property=\"og:locale\" content=\"es_ES\" \/>\n<meta property=\"og:type\" content=\"article\" \/>\n<meta property=\"og:title\" content=\"Tesis - LINTI\" \/>\n<meta property=\"og:description\" content=\"Tesis LINTI Las tesinas de grado elaboradas en el Laboratorio de Investigaci\u00f3n en Nuevas Tecnolog\u00edas de la Informaci\u00f3n (LINTI) se orientan a establecer un di\u00e1logo entre los conocimientos inform\u00e1ticos adquiridos por los estudiantes durante su formaci\u00f3n acad\u00e9mica y los problemas situados en contextos reales.\u00a0 Este enfoque busca ofrecer soluciones concretas mediante la creaci\u00f3n de artefactos digitales, los cuales, en ciertos casos, son implementados en entornos productivos.\u00a0 Asimismo, el uso y la contribuci\u00f3n a repositorios de software libre y al c\u00f3digo fuente abierto constituyen uno de los principios rectores que gu\u00edan el desarrollo de las tesinas en el LINTI. Tesis aprobadas 2023 &#8211; 2024 2021 &#8211; 2022 2019 &#8211; 2020 2016 &#8211; 2018 2011 &#8211; 2015 2006 &#8211; 2010 2001 &#8211; 2005 1998 &#8211; 2000\" \/>\n<meta property=\"og:url\" content=\"https:\/\/www.linti.unlp.edu.ar\/index.php\/tesis\/\" \/>\n<meta property=\"og:site_name\" content=\"LINTI\" \/>\n<meta property=\"article:modified_time\" content=\"2024-09-06T17:37:09+00:00\" \/>\n<meta name=\"twitter:card\" content=\"summary_large_image\" \/>\n<meta name=\"twitter:label1\" content=\"Tiempo de lectura\" \/>\n\t<meta name=\"twitter:data1\" content=\"1 minuto\" \/>\n<script type=\"application\/ld+json\" class=\"yoast-schema-graph\">{\"@context\":\"https:\\\/\\\/schema.org\",\"@graph\":[{\"@type\":\"WebPage\",\"@id\":\"https:\\\/\\\/www.linti.unlp.edu.ar\\\/index.php\\\/tesis\\\/\",\"url\":\"https:\\\/\\\/www.linti.unlp.edu.ar\\\/index.php\\\/tesis\\\/\",\"name\":\"Tesis - LINTI\",\"isPartOf\":{\"@id\":\"https:\\\/\\\/www.linti.unlp.edu.ar\\\/#website\"},\"datePublished\":\"2022-05-23T13:54:48+00:00\",\"dateModified\":\"2024-09-06T17:37:09+00:00\",\"breadcrumb\":{\"@id\":\"https:\\\/\\\/www.linti.unlp.edu.ar\\\/index.php\\\/tesis\\\/#breadcrumb\"},\"inLanguage\":\"es-AR\",\"potentialAction\":[{\"@type\":\"ReadAction\",\"target\":[\"https:\\\/\\\/www.linti.unlp.edu.ar\\\/index.php\\\/tesis\\\/\"]}]},{\"@type\":\"BreadcrumbList\",\"@id\":\"https:\\\/\\\/www.linti.unlp.edu.ar\\\/index.php\\\/tesis\\\/#breadcrumb\",\"itemListElement\":[{\"@type\":\"ListItem\",\"position\":1,\"name\":\"Home\",\"item\":\"https:\\\/\\\/www.linti.unlp.edu.ar\\\/\"},{\"@type\":\"ListItem\",\"position\":2,\"name\":\"Tesis\"}]},{\"@type\":\"WebSite\",\"@id\":\"https:\\\/\\\/www.linti.unlp.edu.ar\\\/#website\",\"url\":\"https:\\\/\\\/www.linti.unlp.edu.ar\\\/\",\"name\":\"LINTI\",\"description\":\"Laboratorio de investigaci\u00f3n en nuevas tecnolog\u00edas inform\u00e1ticas\",\"publisher\":{\"@id\":\"https:\\\/\\\/www.linti.unlp.edu.ar\\\/#organization\"},\"potentialAction\":[{\"@type\":\"SearchAction\",\"target\":{\"@type\":\"EntryPoint\",\"urlTemplate\":\"https:\\\/\\\/www.linti.unlp.edu.ar\\\/?s={search_term_string}\"},\"query-input\":{\"@type\":\"PropertyValueSpecification\",\"valueRequired\":true,\"valueName\":\"search_term_string\"}}],\"inLanguage\":\"es-AR\"},{\"@type\":\"Organization\",\"@id\":\"https:\\\/\\\/www.linti.unlp.edu.ar\\\/#organization\",\"name\":\"LINTI\",\"url\":\"https:\\\/\\\/www.linti.unlp.edu.ar\\\/\",\"logo\":{\"@type\":\"ImageObject\",\"inLanguage\":\"es-AR\",\"@id\":\"https:\\\/\\\/www.linti.unlp.edu.ar\\\/#\\\/schema\\\/logo\\\/image\\\/\",\"url\":\"https:\\\/\\\/www.linti.unlp.edu.ar\\\/wp-content\\\/uploads\\\/2022\\\/05\\\/fachada-LINTI.jpg\",\"contentUrl\":\"https:\\\/\\\/www.linti.unlp.edu.ar\\\/wp-content\\\/uploads\\\/2022\\\/05\\\/fachada-LINTI.jpg\",\"width\":589,\"height\":411,\"caption\":\"LINTI\"},\"image\":{\"@id\":\"https:\\\/\\\/www.linti.unlp.edu.ar\\\/#\\\/schema\\\/logo\\\/image\\\/\"}}]}<\/script>\n<!-- \/ Yoast SEO plugin. -->","yoast_head_json":{"title":"Tesis - LINTI","robots":{"index":"index","follow":"follow","max-snippet":"max-snippet:-1","max-image-preview":"max-image-preview:large","max-video-preview":"max-video-preview:-1"},"canonical":"https:\/\/www.linti.unlp.edu.ar\/index.php\/tesis\/","og_locale":"es_ES","og_type":"article","og_title":"Tesis - LINTI","og_description":"Tesis LINTI Las tesinas de grado elaboradas en el Laboratorio de Investigaci\u00f3n en Nuevas Tecnolog\u00edas de la Informaci\u00f3n (LINTI) se orientan a establecer un di\u00e1logo entre los conocimientos inform\u00e1ticos adquiridos por los estudiantes durante su formaci\u00f3n acad\u00e9mica y los problemas situados en contextos reales.\u00a0 Este enfoque busca ofrecer soluciones concretas mediante la creaci\u00f3n de artefactos digitales, los cuales, en ciertos casos, son implementados en entornos productivos.\u00a0 Asimismo, el uso y la contribuci\u00f3n a repositorios de software libre y al c\u00f3digo fuente abierto constituyen uno de los principios rectores que gu\u00edan el desarrollo de las tesinas en el LINTI. Tesis aprobadas 2023 &#8211; 2024 2021 &#8211; 2022 2019 &#8211; 2020 2016 &#8211; 2018 2011 &#8211; 2015 2006 &#8211; 2010 2001 &#8211; 2005 1998 &#8211; 2000","og_url":"https:\/\/www.linti.unlp.edu.ar\/index.php\/tesis\/","og_site_name":"LINTI","article_modified_time":"2024-09-06T17:37:09+00:00","twitter_card":"summary_large_image","twitter_misc":{"Tiempo de lectura":"1 minuto"},"schema":{"@context":"https:\/\/schema.org","@graph":[{"@type":"WebPage","@id":"https:\/\/www.linti.unlp.edu.ar\/index.php\/tesis\/","url":"https:\/\/www.linti.unlp.edu.ar\/index.php\/tesis\/","name":"Tesis - LINTI","isPartOf":{"@id":"https:\/\/www.linti.unlp.edu.ar\/#website"},"datePublished":"2022-05-23T13:54:48+00:00","dateModified":"2024-09-06T17:37:09+00:00","breadcrumb":{"@id":"https:\/\/www.linti.unlp.edu.ar\/index.php\/tesis\/#breadcrumb"},"inLanguage":"es-AR","potentialAction":[{"@type":"ReadAction","target":["https:\/\/www.linti.unlp.edu.ar\/index.php\/tesis\/"]}]},{"@type":"BreadcrumbList","@id":"https:\/\/www.linti.unlp.edu.ar\/index.php\/tesis\/#breadcrumb","itemListElement":[{"@type":"ListItem","position":1,"name":"Home","item":"https:\/\/www.linti.unlp.edu.ar\/"},{"@type":"ListItem","position":2,"name":"Tesis"}]},{"@type":"WebSite","@id":"https:\/\/www.linti.unlp.edu.ar\/#website","url":"https:\/\/www.linti.unlp.edu.ar\/","name":"LINTI","description":"Laboratorio de investigaci\u00f3n en nuevas tecnolog\u00edas inform\u00e1ticas","publisher":{"@id":"https:\/\/www.linti.unlp.edu.ar\/#organization"},"potentialAction":[{"@type":"SearchAction","target":{"@type":"EntryPoint","urlTemplate":"https:\/\/www.linti.unlp.edu.ar\/?s={search_term_string}"},"query-input":{"@type":"PropertyValueSpecification","valueRequired":true,"valueName":"search_term_string"}}],"inLanguage":"es-AR"},{"@type":"Organization","@id":"https:\/\/www.linti.unlp.edu.ar\/#organization","name":"LINTI","url":"https:\/\/www.linti.unlp.edu.ar\/","logo":{"@type":"ImageObject","inLanguage":"es-AR","@id":"https:\/\/www.linti.unlp.edu.ar\/#\/schema\/logo\/image\/","url":"https:\/\/www.linti.unlp.edu.ar\/wp-content\/uploads\/2022\/05\/fachada-LINTI.jpg","contentUrl":"https:\/\/www.linti.unlp.edu.ar\/wp-content\/uploads\/2022\/05\/fachada-LINTI.jpg","width":589,"height":411,"caption":"LINTI"},"image":{"@id":"https:\/\/www.linti.unlp.edu.ar\/#\/schema\/logo\/image\/"}}]}},"_links":{"self":[{"href":"https:\/\/www.linti.unlp.edu.ar\/index.php\/wp-json\/wp\/v2\/pages\/29","targetHints":{"allow":["GET"]}}],"collection":[{"href":"https:\/\/www.linti.unlp.edu.ar\/index.php\/wp-json\/wp\/v2\/pages"}],"about":[{"href":"https:\/\/www.linti.unlp.edu.ar\/index.php\/wp-json\/wp\/v2\/types\/page"}],"author":[{"embeddable":true,"href":"https:\/\/www.linti.unlp.edu.ar\/index.php\/wp-json\/wp\/v2\/users\/2"}],"replies":[{"embeddable":true,"href":"https:\/\/www.linti.unlp.edu.ar\/index.php\/wp-json\/wp\/v2\/comments?post=29"}],"version-history":[{"count":103,"href":"https:\/\/www.linti.unlp.edu.ar\/index.php\/wp-json\/wp\/v2\/pages\/29\/revisions"}],"predecessor-version":[{"id":3092,"href":"https:\/\/www.linti.unlp.edu.ar\/index.php\/wp-json\/wp\/v2\/pages\/29\/revisions\/3092"}],"wp:attachment":[{"href":"https:\/\/www.linti.unlp.edu.ar\/index.php\/wp-json\/wp\/v2\/media?parent=29"}],"curies":[{"name":"wp","href":"https:\/\/api.w.org\/{rel}","templated":true}]}}